{"id":2683,"date":"2018-07-25T13:59:12","date_gmt":"2018-07-25T11:59:12","guid":{"rendered":"https:\/\/apartamentossabora.com\/?page_id=2683"},"modified":"2018-07-25T14:07:28","modified_gmt":"2018-07-25T12:07:28","slug":"appartement-4-personen-ronda","status":"publish","type":"page","link":"https:\/\/apartamentossabora.com\/de\/appartement-4-personen-ronda\/","title":{"rendered":"Appartement 4 Personen in Ronda, Malaga"},"content":{"rendered":"<p><div class=\"fusion-fullwidth fullwidth-box fusion-builder-row-1 nonhundred-percent-fullwidth non-hundred-percent-height-scrolling\" style=\"--awb-background-position:left top;--awb-border-radius-top-left:0px;--awb-border-radius-top-right:0px;--awb-border-radius-bottom-right:0px;--awb-border-radius-bottom-left:0px;--awb-padding-top:0px;--awb-padding-bottom:95px;--awb-border-sizes-top:0px;--awb-border-sizes-bottom:0px;--awb-flex-wrap:wrap;\" ><div class=\"fusion-builder-row fusion-row\"><div class=\"fusion-layout-column fusion_builder_column fusion-builder-column-0 fusion_builder_column_1_1 1_1 fusion-one-full fusion-column-first fusion-column-last fusion-column-no-min-height\" style=\"--awb-bg-size:cover;--awb-margin-bottom:0px;\"><div class=\"fusion-column-wrapper fusion-flex-column-wrapper-legacy\"><div class=\"fusion-title title fusion-title-1 fusion-title-text fusion-title-size-one\"><h1 class=\"fusion-title-heading title-heading-left fusion-responsive-typography-calculated\" style=\"margin:0;--fontSize:46;line-height:1.11;\"><h2><strong><em>Ferienwohnung f\u00fcr 4 Personen.\u00a0<\/em><\/strong><em>Exquisit eingerichtet und ausgestattet, damit du dich wie zu Hause f\u00fchlst.<\/em><\/h2><\/h1><span class=\"awb-title-spacer\"><\/span><div class=\"title-sep-container\"><div class=\"title-sep sep-single sep-solid\" style=\"border-color:#e0dede;\"><\/div><\/div><\/div><div class=\"fusion-text fusion-text-1\"><p>Appartement mit einem Schlafzimmer mit Doppelbett und Schlafcouch im Wohnzimmer. Ideal f\u00fcr ein Paar mit zwei Kindern. Gro\u00dfe Balkon-Terrasse auf der R\u00fcckseite. Sehr hell. Voll ausgestattete K\u00fcche. TV und Internet. Kostenloses WiFi.<\/p>\n<\/div><div class=\"fusion-sep-clear\"><\/div><div class=\"fusion-separator fusion-full-width-sep\" style=\"margin-left: auto;margin-right: auto;margin-top:13px;margin-bottom:13px;width:100%;\"><\/div><div class=\"fusion-sep-clear\"><\/div><div class=\"fusion-clearfix\"><\/div><\/div><\/div><div class=\"fusion-layout-column fusion_builder_column fusion-builder-column-1 fusion_builder_column_1_2 1_2 fusion-one-half fusion-column-first\" style=\"--awb-bg-size:cover;width:48%; margin-right: 4%;\"><div class=\"fusion-column-wrapper fusion-flex-column-wrapper-legacy\"><div class=\"fusion-image-element in-legacy-container\" style=\"--awb-liftup-border-radius:0px;--awb-caption-title-font-family:var(--h2_typography-font-family);--awb-caption-title-font-weight:var(--h2_typography-font-weight);--awb-caption-title-font-style:var(--h2_typography-font-style);--awb-caption-title-size:var(--h2_typography-font-size);--awb-caption-title-transform:var(--h2_typography-text-transform);--awb-caption-title-line-height:var(--h2_typography-line-height);--awb-caption-title-letter-spacing:var(--h2_typography-letter-spacing);\"><div class=\"awb-image-frame awb-image-frame-1 imageframe-liftup\"><span class=\" fusion-imageframe imageframe-none imageframe-1\"><a href=\"https:\/\/apartamentossabora.com\/wp-content\/uploads\/2018\/07\/apartamento2-cocina-apartamentos-sabora-ronda.jpg\" class=\"fusion-lightbox\" data-rel=\"iLightbox[executive]\" data-caption=\"Cocina apartamento 4 personas\" data-title=\"apartamento2-cocina-apartamentos-sabora-ronda\" title=\"apartamento2-cocina-apartamentos-sabora-ronda\"><img decoding=\"async\" width=\"750\" height=\"498\" alt=\"Cocina apartamento 4 personas | Apartamentos S\u00e1bora en Ronda\" src=\"https:\/\/apartamentossabora.com\/wp-content\/uploads\/2018\/07\/apartamento2-cocina-apartamentos-sabora-ronda.jpg\" class=\"img-responsive wp-image-2488\" srcset=\"https:\/\/apartamentossabora.com\/wp-content\/uploads\/2018\/07\/apartamento2-cocina-apartamentos-sabora-ronda-200x133.jpg 200w, https:\/\/apartamentossabora.com\/wp-content\/uploads\/2018\/07\/apartamento2-cocina-apartamentos-sabora-ronda-400x266.jpg 400w, https:\/\/apartamentossabora.com\/wp-content\/uploads\/2018\/07\/apartamento2-cocina-apartamentos-sabora-ronda-600x398.jpg 600w, https:\/\/apartamentossabora.com\/wp-content\/uploads\/2018\/07\/apartamento2-cocina-apartamentos-sabora-ronda.jpg 750w\" sizes=\"(max-width: 1105px) 100vw, 600px\" \/><\/a><\/span><\/div><\/div><div class=\"fusion-text fusion-text-2\"><p>K\u00fcche<\/p>\n<\/div><div class=\"fusion-clearfix\"><\/div><\/div><\/div><div class=\"fusion-layout-column fusion_builder_column fusion-builder-column-2 fusion_builder_column_1_2 1_2 fusion-one-half fusion-column-last\" style=\"--awb-bg-size:cover;width:48%;\"><div class=\"fusion-column-wrapper fusion-flex-column-wrapper-legacy\"><div class=\"fusion-image-element in-legacy-container\" style=\"--awb-liftup-border-radius:0px;--awb-caption-title-font-family:var(--h2_typography-font-family);--awb-caption-title-font-weight:var(--h2_typography-font-weight);--awb-caption-title-font-style:var(--h2_typography-font-style);--awb-caption-title-size:var(--h2_typography-font-size);--awb-caption-title-transform:var(--h2_typography-text-transform);--awb-caption-title-line-height:var(--h2_typography-line-height);--awb-caption-title-letter-spacing:var(--h2_typography-letter-spacing);\"><div class=\"awb-image-frame awb-image-frame-2 imageframe-liftup\"><span class=\" fusion-imageframe imageframe-none imageframe-2\"><a href=\"https:\/\/apartamentossabora.com\/wp-content\/uploads\/2018\/07\/apartamento2-salon-comedor-apartamentos-sabora.jpg\" class=\"fusion-lightbox\" data-rel=\"iLightbox[executive]\" data-caption=\"S\u00e1lon comedor Apartamento para 4 personas\" data-title=\"apartamento2-salon-comedor-apartamentos-sabora\" title=\"apartamento2-salon-comedor-apartamentos-sabora\"><img decoding=\"async\" width=\"750\" height=\"498\" alt=\"S\u00e1lon comedor Apartamento para 4 personas en Ronda, M\u00e1laga\" src=\"https:\/\/apartamentossabora.com\/wp-content\/uploads\/2018\/07\/apartamento2-salon-comedor-apartamentos-sabora.jpg\" class=\"img-responsive wp-image-2492\" srcset=\"https:\/\/apartamentossabora.com\/wp-content\/uploads\/2018\/07\/apartamento2-salon-comedor-apartamentos-sabora-200x133.jpg 200w, https:\/\/apartamentossabora.com\/wp-content\/uploads\/2018\/07\/apartamento2-salon-comedor-apartamentos-sabora-400x266.jpg 400w, https:\/\/apartamentossabora.com\/wp-content\/uploads\/2018\/07\/apartamento2-salon-comedor-apartamentos-sabora-600x398.jpg 600w, https:\/\/apartamentossabora.com\/wp-content\/uploads\/2018\/07\/apartamento2-salon-comedor-apartamentos-sabora.jpg 750w\" sizes=\"(max-width: 1105px) 100vw, 600px\" \/><\/a><\/span><\/div><\/div><div class=\"fusion-text fusion-text-3\"><p>Wohnzimmer<\/p>\n<\/div><div class=\"fusion-clearfix\"><\/div><\/div><\/div><\/div><\/div><div class=\"fusion-fullwidth fullwidth-box fusion-builder-row-2 nonhundred-percent-fullwidth non-hundred-percent-height-scrolling\" style=\"--awb-background-position:center top;--awb-border-radius-top-left:0px;--awb-border-radius-top-right:0px;--awb-border-radius-bottom-right:0px;--awb-border-radius-bottom-left:0px;--awb-padding-top:0px;--awb-padding-bottom:80px;--awb-background-color:#f4f6f8;--awb-border-sizes-top:0px;--awb-border-sizes-bottom:0px;--awb-flex-wrap:wrap;\" ><div class=\"fusion-builder-row fusion-row\"><div class=\"fusion-layout-column fusion_builder_column fusion-builder-column-3 fusion_builder_column_1_1 1_1 fusion-one-full fusion-column-first fusion-column-last fusion-column-no-min-height\" style=\"--awb-bg-size:cover;--awb-margin-bottom:0px;\"><div class=\"fusion-column-wrapper fusion-flex-column-wrapper-legacy\"><div class=\"fusion-image-element fusion-image-align-center in-legacy-container\" style=\"text-align:center;--awb-caption-title-font-family:var(--h2_typography-font-family);--awb-caption-title-font-weight:var(--h2_typography-font-weight);--awb-caption-title-font-style:var(--h2_typography-font-style);--awb-caption-title-size:var(--h2_typography-font-size);--awb-caption-title-transform:var(--h2_typography-text-transform);--awb-caption-title-line-height:var(--h2_typography-line-height);--awb-caption-title-letter-spacing:var(--h2_typography-letter-spacing);\"><div class=\"imageframe-align-center\"><span class=\" fusion-imageframe imageframe-none imageframe-3 hover-type-none\"><img decoding=\"async\" width=\"370\" height=\"82\" title=\"flowers_top\" src=\"https:\/\/apartamentossabora.com\/wp-content\/uploads\/2015\/01\/flowers_top.png\" alt class=\"img-responsive wp-image-2263\"\/><\/span><\/div><\/div><div class=\"fusion-sep-clear\"><\/div><div class=\"fusion-separator fusion-full-width-sep\" style=\"margin-left: auto;margin-right: auto;margin-top:25px;width:100%;\"><\/div><div class=\"fusion-sep-clear\"><\/div><div class=\"fusion-clearfix\"><\/div><\/div><\/div><div class=\"fusion-layout-column fusion_builder_column fusion-builder-column-4 fusion_builder_column_1_1 1_1 fusion-one-full fusion-column-first fusion-column-last fusion-column-no-min-height\" style=\"--awb-bg-size:cover;--awb-margin-bottom:0px;\"><div class=\"fusion-column-wrapper fusion-flex-column-wrapper-legacy\"><div class=\"fusion-text fusion-text-4\"><p style=\"letter-spacing: 4px; font-size: 13px; margin-bottom: 0px; text-align: center;\">APARTMENT F\u00dcR 4 PERSONEN<\/p>\n<h1 style=\"text-align: center;\">Liste der Ausstattung<\/h1>\n<\/div><div class=\"fusion-sep-clear\"><\/div><div class=\"fusion-separator\" style=\"margin-left: auto;margin-right: auto;margin-top:0px;margin-bottom:60px;width:100%;max-width:50px;\"><div class=\"fusion-separator-border sep-single sep-solid\" style=\"--awb-height:20px;--awb-amount:20px;--awb-sep-color:#cbaa5c;border-color:#cbaa5c;border-top-width:1px;\"><\/div><\/div><div class=\"fusion-sep-clear\"><\/div><div class=\"fusion-clearfix\"><\/div><\/div><\/div><div class=\"fusion-layout-column fusion_builder_column fusion-builder-column-5 fusion_builder_column_1_3 1_3 fusion-one-third fusion-column-first\" style=\"--awb-bg-size:cover;width:30.6666%; margin-right: 4%;\"><div class=\"fusion-column-wrapper fusion-flex-column-wrapper-legacy\"><ul style=\"--awb-iconcolor:#339966;--awb-line-height:23.8px;--awb-icon-width:23.8px;--awb-icon-height:23.8px;--awb-icon-margin:9.8px;--awb-content-margin:33.6px;\" class=\"fusion-checklist fusion-checklist-1 fusion-checklist-default type-icons\"><li class=\"fusion-li-item\" style=\"\"><span class=\"icon-wrapper circle-no\"><i class=\"fusion-li-icon fa-check-circle far\" aria-hidden=\"true\"><\/i><\/span><div class=\"fusion-li-item-content\">\n<p>Klimaanlage\/ Heizung<\/p>\n<\/div><\/li><li class=\"fusion-li-item\" style=\"\"><span class=\"icon-wrapper circle-no\"><i class=\"fusion-li-icon fa-check-circle far\" aria-hidden=\"true\"><\/i><\/span><div class=\"fusion-li-item-content\">\n<p>Flachbildfernseher<\/p>\n<\/div><\/li><li class=\"fusion-li-item\" style=\"\"><span class=\"icon-wrapper circle-no\"><i class=\"fusion-li-icon fa-check-circle far\" aria-hidden=\"true\"><\/i><\/span><div class=\"fusion-li-item-content\">\n<p>Kostenloses WiFi<\/p>\n<\/div><\/li><li class=\"fusion-li-item\" style=\"\"><span class=\"icon-wrapper circle-no\"><i class=\"fusion-li-icon fa-check-circle far\" aria-hidden=\"true\"><\/i><\/span><div class=\"fusion-li-item-content\">\n<p>Waschmaschine<\/p>\n<\/div><\/li><\/ul><div class=\"fusion-clearfix\"><\/div><\/div><\/div><div class=\"fusion-layout-column fusion_builder_column fusion-builder-column-6 fusion_builder_column_1_3 1_3 fusion-one-third\" style=\"--awb-bg-size:cover;width:30.6666%; margin-right: 4%;\"><div class=\"fusion-column-wrapper fusion-flex-column-wrapper-legacy\"><ul style=\"--awb-iconcolor:#339966;--awb-line-height:23.8px;--awb-icon-width:23.8px;--awb-icon-height:23.8px;--awb-icon-margin:9.8px;--awb-content-margin:33.6px;\" class=\"fusion-checklist fusion-checklist-2 fusion-checklist-default type-icons\"><li class=\"fusion-li-item\" style=\"\"><span class=\"icon-wrapper circle-no\"><i class=\"fusion-li-icon fa-check-circle far\" aria-hidden=\"true\"><\/i><\/span><div class=\"fusion-li-item-content\">\n<p>K\u00fchlschrank<\/p>\n<\/div><\/li><li class=\"fusion-li-item\" style=\"\"><span class=\"icon-wrapper circle-no\"><i class=\"fusion-li-icon fa-check-circle far\" aria-hidden=\"true\"><\/i><\/span><div class=\"fusion-li-item-content\">\n<p>Mikrowelle<\/p>\n<\/div><\/li><li class=\"fusion-li-item\" style=\"\"><span class=\"icon-wrapper circle-no\"><i class=\"fusion-li-icon fa-check-circle far\" aria-hidden=\"true\"><\/i><\/span><div class=\"fusion-li-item-content\">\n<p>Toaster<\/p>\n<\/div><\/li><li class=\"fusion-li-item\" style=\"\"><span class=\"icon-wrapper circle-no\"><i class=\"fusion-li-icon fa-check-circle far\" aria-hidden=\"true\"><\/i><\/span><div class=\"fusion-li-item-content\">\n<p>Dolce Gusto Kaffeemaschine<\/p>\n<\/div><\/li><\/ul><div class=\"fusion-clearfix\"><\/div><\/div><\/div><div class=\"fusion-layout-column fusion_builder_column fusion-builder-column-7 fusion_builder_column_1_3 1_3 fusion-one-third fusion-column-last\" style=\"--awb-bg-size:cover;width:30.6666%;\"><div class=\"fusion-column-wrapper fusion-flex-column-wrapper-legacy\"><ul style=\"--awb-iconcolor:#339966;--awb-line-height:23.8px;--awb-icon-width:23.8px;--awb-icon-height:23.8px;--awb-icon-margin:9.8px;--awb-content-margin:33.6px;\" class=\"fusion-checklist fusion-checklist-3 fusion-checklist-default type-icons\"><li class=\"fusion-li-item\" style=\"\"><span class=\"icon-wrapper circle-no\"><i class=\"fusion-li-icon fa-check-circle far\" aria-hidden=\"true\"><\/i><\/span><div class=\"fusion-li-item-content\">\n<p>K\u00fcchenutensilien<\/p>\n<\/div><\/li><li class=\"fusion-li-item\" style=\"\"><span class=\"icon-wrapper circle-no\"><i class=\"fusion-li-icon fa-check-circle far\" aria-hidden=\"true\"><\/i><\/span><div class=\"fusion-li-item-content\">\n<p>Bettw\u00e4sche, Handt\u00fccher<\/p>\n<\/div><\/li><li class=\"fusion-li-item\" style=\"\"><span class=\"icon-wrapper circle-no\"><i class=\"fusion-li-icon fa-check-circle far\" aria-hidden=\"true\"><\/i><\/span><div class=\"fusion-li-item-content\">\n<p>Amenities<\/p>\n<\/div><\/li><li class=\"fusion-li-item\" style=\"\"><span class=\"icon-wrapper circle-no\"><i class=\"fusion-li-icon fa-check-circle far\" aria-hidden=\"true\"><\/i><\/span><div class=\"fusion-li-item-content\">\n<p>Haartrockner<\/p>\n<\/div><\/li><\/ul><div class=\"fusion-clearfix\"><\/div><\/div><\/div><\/div><\/div><div class=\"fusion-fullwidth fullwidth-box fusion-builder-row-3 nonhundred-percent-fullwidth non-hundred-percent-height-scrolling\" style=\"--awb-background-position:left top;--awb-border-radius-top-left:0px;--awb-border-radius-top-right:0px;--awb-border-radius-bottom-right:0px;--awb-border-radius-bottom-left:0px;--awb-padding-top:110px;--awb-padding-bottom:40px;--awb-border-sizes-top:0px;--awb-border-sizes-bottom:0px;--awb-flex-wrap:wrap;\" ><div class=\"fusion-builder-row fusion-row\"><div class=\"fusion-layout-column fusion_builder_column fusion-builder-column-8 fusion_builder_column_1_1 1_1 fusion-one-full fusion-column-first fusion-column-last fusion-column-no-min-height\" style=\"--awb-bg-size:cover;--awb-margin-bottom:0px;\"><div class=\"fusion-column-wrapper fusion-flex-column-wrapper-legacy\"><div class=\"fusion-reading-box-container reading-box-container-1\" style=\"--awb-title-color:#171717;--awb-margin-top:0px;--awb-margin-bottom:84px;\"><div class=\"reading-box reading-box-center\" style=\"background-color:#ffffff;border-width:1px;border-color:#ebeef1;border-top-width:3px;border-top-color:var(--primary_color);border-style:solid;\"><h2>Wenn du daran interessiert bist, diese Wohnung zu buchen,<\/h2><div class=\"reading-box-description fusion-reading-box-additional\">kontaktiere uns bitte.<\/div><div class=\"fusion-clearfix\"><\/div><a class=\"button fusion-button button-default fusion-button-large button-large button-flat fusion-mobile-button continue-center\" style=\"-webkit-box-shadow:none;-moz-box-shadow:none;box-shadow:none;border-radius:0px 0px 0px 0px\" href=\"https:\/\/apartamentossabora.com\/de\/kontakt\/\" target=\"_self\"><span>Jetzt kontaktieren<\/span><\/a><\/div><\/div><div class=\"fusion-sep-clear\"><\/div><div class=\"fusion-separator\" style=\"margin-left: auto;margin-right: auto;width:100%;max-width:80%;\"><div class=\"fusion-separator-border sep-single sep-solid\" style=\"--awb-height:20px;--awb-amount:20px;--awb-sep-color:#cbaa5c;border-color:#cbaa5c;border-top-width:1px;\"><\/div><\/div><div class=\"fusion-sep-clear\"><\/div><div class=\"fusion-clearfix\"><\/div><\/div><\/div><\/div><\/div><\/p>\n","protected":false},"excerpt":{"rendered":"","protected":false},"author":1,"featured_media":0,"parent":0,"menu_order":0,"comment_status":"closed","ping_status":"closed","template":"100-width.php","meta":{"footnotes":""},"class_list":["post-2683","page","type-page","status-publish","hentry"],"yoast_head":"<!-- This site is optimized with the Yoast SEO plugin v26.5 - https:\/\/yoast.com\/wordpress\/plugins\/seo\/ -->\n<title>Appartement 4 Personen in Ronda, Malaga - Apartamentos S\u00e1bora, Ronda M\u00e1laga<\/title>\n<meta name=\"robots\" content=\"index, follow, max-snippet:-1, max-image-preview:large, max-video-preview:-1\" \/>\n<link rel=\"canonical\" href=\"https:\/\/apartamentossabora.com\/de\/appartement-4-personen-ronda\/\" \/>\n<meta property=\"og:locale\" content=\"de_DE\" \/>\n<meta property=\"og:type\" content=\"article\" \/>\n<meta property=\"og:title\" content=\"Appartement 4 Personen in Ronda, Malaga - Apartamentos S\u00e1bora, Ronda M\u00e1laga\" \/>\n<meta property=\"og:url\" content=\"https:\/\/apartamentossabora.com\/de\/appartement-4-personen-ronda\/\" \/>\n<meta property=\"og:site_name\" content=\"Apartamentos S\u00e1bora, Ronda M\u00e1laga\" \/>\n<meta property=\"article:modified_time\" content=\"2018-07-25T12:07:28+00:00\" \/>\n<meta property=\"og:image\" content=\"https:\/\/apartamentossabora.com\/wp-content\/uploads\/2015\/01\/flowers_top.png\" \/>\n<meta name=\"twitter:card\" content=\"summary_large_image\" \/>\n<meta name=\"twitter:label1\" content=\"Gesch\u00e4tzte Lesezeit\" \/>\n\t<meta name=\"twitter:data1\" content=\"8\u00a0Minuten\" \/>\n<script type=\"application\/ld+json\" class=\"yoast-schema-graph\">{\"@context\":\"https:\/\/schema.org\",\"@graph\":[{\"@type\":\"WebPage\",\"@id\":\"https:\/\/apartamentossabora.com\/de\/appartement-4-personen-ronda\/\",\"url\":\"https:\/\/apartamentossabora.com\/de\/appartement-4-personen-ronda\/\",\"name\":\"Appartement 4 Personen in Ronda, Malaga - Apartamentos S\u00e1bora, Ronda M\u00e1laga\",\"isPartOf\":{\"@id\":\"https:\/\/apartamentossabora.com\/#website\"},\"primaryImageOfPage\":{\"@id\":\"https:\/\/apartamentossabora.com\/de\/appartement-4-personen-ronda\/#primaryimage\"},\"image\":{\"@id\":\"https:\/\/apartamentossabora.com\/de\/appartement-4-personen-ronda\/#primaryimage\"},\"thumbnailUrl\":\"https:\/\/apartamentossabora.com\/wp-content\/uploads\/2015\/01\/flowers_top.png\",\"datePublished\":\"2018-07-25T11:59:12+00:00\",\"dateModified\":\"2018-07-25T12:07:28+00:00\",\"breadcrumb\":{\"@id\":\"https:\/\/apartamentossabora.com\/de\/appartement-4-personen-ronda\/#breadcrumb\"},\"inLanguage\":\"de\",\"potentialAction\":[{\"@type\":\"ReadAction\",\"target\":[\"https:\/\/apartamentossabora.com\/de\/appartement-4-personen-ronda\/\"]}]},{\"@type\":\"ImageObject\",\"inLanguage\":\"de\",\"@id\":\"https:\/\/apartamentossabora.com\/de\/appartement-4-personen-ronda\/#primaryimage\",\"url\":\"https:\/\/apartamentossabora.com\/wp-content\/uploads\/2015\/01\/flowers_top.png\",\"contentUrl\":\"https:\/\/apartamentossabora.com\/wp-content\/uploads\/2015\/01\/flowers_top.png\"},{\"@type\":\"BreadcrumbList\",\"@id\":\"https:\/\/apartamentossabora.com\/de\/appartement-4-personen-ronda\/#breadcrumb\",\"itemListElement\":[{\"@type\":\"ListItem\",\"position\":1,\"name\":\"Portada\",\"item\":\"https:\/\/apartamentossabora.com\/de\/\"},{\"@type\":\"ListItem\",\"position\":2,\"name\":\"Appartement 4 Personen in Ronda, Malaga\"}]},{\"@type\":\"WebSite\",\"@id\":\"https:\/\/apartamentossabora.com\/#website\",\"url\":\"https:\/\/apartamentossabora.com\/\",\"name\":\"Apartamentos S\u00e1bora, Ronda M\u00e1laga\",\"description\":\"Alquiler tur\u00edstico de apartamentos en Andaluc\u00eda, Espa\u00f1a\",\"potentialAction\":[{\"@type\":\"SearchAction\",\"target\":{\"@type\":\"EntryPoint\",\"urlTemplate\":\"https:\/\/apartamentossabora.com\/?s={search_term_string}\"},\"query-input\":{\"@type\":\"PropertyValueSpecification\",\"valueRequired\":true,\"valueName\":\"search_term_string\"}}],\"inLanguage\":\"de\"}]}<\/script>\n<!-- \/ Yoast SEO plugin. -->","yoast_head_json":{"title":"Appartement 4 Personen in Ronda, Malaga - Apartamentos S\u00e1bora, Ronda M\u00e1laga","robots":{"index":"index","follow":"follow","max-snippet":"max-snippet:-1","max-image-preview":"max-image-preview:large","max-video-preview":"max-video-preview:-1"},"canonical":"https:\/\/apartamentossabora.com\/de\/appartement-4-personen-ronda\/","og_locale":"de_DE","og_type":"article","og_title":"Appartement 4 Personen in Ronda, Malaga - Apartamentos S\u00e1bora, Ronda M\u00e1laga","og_url":"https:\/\/apartamentossabora.com\/de\/appartement-4-personen-ronda\/","og_site_name":"Apartamentos S\u00e1bora, Ronda M\u00e1laga","article_modified_time":"2018-07-25T12:07:28+00:00","og_image":[{"url":"https:\/\/apartamentossabora.com\/wp-content\/uploads\/2015\/01\/flowers_top.png","type":"","width":"","height":""}],"twitter_card":"summary_large_image","twitter_misc":{"Gesch\u00e4tzte Lesezeit":"8\u00a0Minuten"},"schema":{"@context":"https:\/\/schema.org","@graph":[{"@type":"WebPage","@id":"https:\/\/apartamentossabora.com\/de\/appartement-4-personen-ronda\/","url":"https:\/\/apartamentossabora.com\/de\/appartement-4-personen-ronda\/","name":"Appartement 4 Personen in Ronda, Malaga - Apartamentos S\u00e1bora, Ronda M\u00e1laga","isPartOf":{"@id":"https:\/\/apartamentossabora.com\/#website"},"primaryImageOfPage":{"@id":"https:\/\/apartamentossabora.com\/de\/appartement-4-personen-ronda\/#primaryimage"},"image":{"@id":"https:\/\/apartamentossabora.com\/de\/appartement-4-personen-ronda\/#primaryimage"},"thumbnailUrl":"https:\/\/apartamentossabora.com\/wp-content\/uploads\/2015\/01\/flowers_top.png","datePublished":"2018-07-25T11:59:12+00:00","dateModified":"2018-07-25T12:07:28+00:00","breadcrumb":{"@id":"https:\/\/apartamentossabora.com\/de\/appartement-4-personen-ronda\/#breadcrumb"},"inLanguage":"de","potentialAction":[{"@type":"ReadAction","target":["https:\/\/apartamentossabora.com\/de\/appartement-4-personen-ronda\/"]}]},{"@type":"ImageObject","inLanguage":"de","@id":"https:\/\/apartamentossabora.com\/de\/appartement-4-personen-ronda\/#primaryimage","url":"https:\/\/apartamentossabora.com\/wp-content\/uploads\/2015\/01\/flowers_top.png","contentUrl":"https:\/\/apartamentossabora.com\/wp-content\/uploads\/2015\/01\/flowers_top.png"},{"@type":"BreadcrumbList","@id":"https:\/\/apartamentossabora.com\/de\/appartement-4-personen-ronda\/#breadcrumb","itemListElement":[{"@type":"ListItem","position":1,"name":"Portada","item":"https:\/\/apartamentossabora.com\/de\/"},{"@type":"ListItem","position":2,"name":"Appartement 4 Personen in Ronda, Malaga"}]},{"@type":"WebSite","@id":"https:\/\/apartamentossabora.com\/#website","url":"https:\/\/apartamentossabora.com\/","name":"Apartamentos S\u00e1bora, Ronda M\u00e1laga","description":"Alquiler tur\u00edstico de apartamentos en Andaluc\u00eda, Espa\u00f1a","potentialAction":[{"@type":"SearchAction","target":{"@type":"EntryPoint","urlTemplate":"https:\/\/apartamentossabora.com\/?s={search_term_string}"},"query-input":{"@type":"PropertyValueSpecification","valueRequired":true,"valueName":"search_term_string"}}],"inLanguage":"de"}]}},"_links":{"self":[{"href":"https:\/\/apartamentossabora.com\/de\/wp-json\/wp\/v2\/pages\/2683","targetHints":{"allow":["GET"]}}],"collection":[{"href":"https:\/\/apartamentossabora.com\/de\/wp-json\/wp\/v2\/pages"}],"about":[{"href":"https:\/\/apartamentossabora.com\/de\/wp-json\/wp\/v2\/types\/page"}],"author":[{"embeddable":true,"href":"https:\/\/apartamentossabora.com\/de\/wp-json\/wp\/v2\/users\/1"}],"replies":[{"embeddable":true,"href":"https:\/\/apartamentossabora.com\/de\/wp-json\/wp\/v2\/comments?post=2683"}],"version-history":[{"count":14,"href":"https:\/\/apartamentossabora.com\/de\/wp-json\/wp\/v2\/pages\/2683\/revisions"}],"predecessor-version":[{"id":2699,"href":"https:\/\/apartamentossabora.com\/de\/wp-json\/wp\/v2\/pages\/2683\/revisions\/2699"}],"wp:attachment":[{"href":"https:\/\/apartamentossabora.com\/de\/wp-json\/wp\/v2\/media?parent=2683"}],"curies":[{"name":"wp","href":"https:\/\/api.w.org\/{rel}","templated":true}]}}