{"id":2811,"date":"2018-07-27T13:11:21","date_gmt":"2018-07-27T11:11:21","guid":{"rendered":"https:\/\/apartamentossabora.com\/imagenes-ronda\/"},"modified":"2018-07-28T08:09:21","modified_gmt":"2018-07-28T06:09:21","slug":"bilder-ronda","status":"publish","type":"page","link":"https:\/\/apartamentossabora.com\/de\/bilder-ronda\/","title":{"rendered":"Bilder aus Ronda, Malaga"},"content":{"rendered":"<p><div class=\"fusion-fullwidth fullwidth-box fusion-builder-row-1 nonhundred-percent-fullwidth non-hundred-percent-height-scrolling\" style=\"--awb-border-radius-top-left:0px;--awb-border-radius-top-right:0px;--awb-border-radius-bottom-right:0px;--awb-border-radius-bottom-left:0px;--awb-flex-wrap:wrap;\" ><div class=\"fusion-builder-row fusion-row\"><div class=\"fusion-layout-column fusion_builder_column fusion-builder-column-0 fusion_builder_column_1_1 1_1 fusion-one-full fusion-column-first fusion-column-last\" style=\"--awb-bg-size:cover;\"><div class=\"fusion-column-wrapper fusion-flex-column-wrapper-legacy\"><div class=\"fusion-text fusion-text-1\"><h2><strong>RONDA \u2013 Die &#8222;Getr\u00e4umte Stadt&#8220;.<\/strong><\/h2>\n<p>Wo befindet sich das Bezaubern, diese Leidenschaft von einer typischen<br \/>\nandalusischen Stadt, besseres Dorf, diese Sicherheit f\u00fcr sp\u00e4ter, diese<br \/>\ngestoppte Zeit? Hier befindet es sich, hier ist Ronda, das Gebirgsland<br \/>\nvon Ronda.<\/p>\n<p>Ronda, hoch und tief, streng, tief, rund und hoch &#8230;<\/p>\n<p><em>JUAN RAM\u00d3N JIM\u00c9NEZ<\/em><\/p>\n<\/div><div class=\"fusion-clearfix\"><\/div><\/div><\/div><\/div><\/div><div class=\"fusion-fullwidth fullwidth-box fusion-builder-row-2 nonhundred-percent-fullwidth non-hundred-percent-height-scrolling\" style=\"--awb-border-radius-top-left:0px;--awb-border-radius-top-right:0px;--awb-border-radius-bottom-right:0px;--awb-border-radius-bottom-left:0px;--awb-flex-wrap:wrap;\" ><div class=\"fusion-builder-row fusion-row\"><div class=\"fusion-layout-column fusion_builder_column fusion-builder-column-1 fusion_builder_column_1_1 1_1 fusion-one-full fusion-column-first fusion-column-last\" style=\"--awb-bg-size:cover;\"><div class=\"fusion-column-wrapper fusion-flex-column-wrapper-legacy\"><div class=\"awb-gallery-wrapper awb-gallery-wrapper-1 button-span-no\"><div style=\"margin:-5px;--awb-bordersize:0px;\" class=\"fusion-gallery fusion-gallery-container fusion-grid-2 fusion-columns-total-6 fusion-gallery-layout-grid fusion-gallery-1\"><div style=\"padding:5px;\" class=\"fusion-grid-column fusion-gallery-column fusion-gallery-column-2 hover-type-none\"><div class=\"fusion-gallery-image\"><a href=\"https:\/\/apartamentossabora.com\/wp-content\/uploads\/2018\/07\/paisajes-ronda-01-apartamentos-sabora.jpg\" rel=\"noreferrer\" data-rel=\"iLightbox[gallery_image_1]\" class=\"fusion-lightbox\" target=\"_self\"><img decoding=\"async\" src=\"https:\/\/apartamentossabora.com\/wp-content\/uploads\/2018\/07\/paisajes-ronda-01-apartamentos-sabora.jpg\" width=\"750\" height=\"498\" alt=\"\" title=\"paisajes-ronda-01-apartamentos-sabora\" aria-label=\"paisajes-ronda-01-apartamentos-sabora\" class=\"img-responsive wp-image-2769\" srcset=\"https:\/\/apartamentossabora.com\/wp-content\/uploads\/2018\/07\/paisajes-ronda-01-apartamentos-sabora-200x133.jpg 200w, https:\/\/apartamentossabora.com\/wp-content\/uploads\/2018\/07\/paisajes-ronda-01-apartamentos-sabora-400x266.jpg 400w, https:\/\/apartamentossabora.com\/wp-content\/uploads\/2018\/07\/paisajes-ronda-01-apartamentos-sabora-600x398.jpg 600w, https:\/\/apartamentossabora.com\/wp-content\/uploads\/2018\/07\/paisajes-ronda-01-apartamentos-sabora.jpg 750w\" sizes=\"(min-width: 2200px) 100vw, (min-width: 1037px) 583px, (min-width: 945px) 1037px, \" \/><\/a><\/div><\/div><div style=\"padding:5px;\" class=\"fusion-grid-column fusion-gallery-column fusion-gallery-column-2 hover-type-none\"><div class=\"fusion-gallery-image\"><a href=\"https:\/\/apartamentossabora.com\/wp-content\/uploads\/2018\/07\/puerta-almocabar-06-apartamentos-sabora-ronda.jpg\" rel=\"noreferrer\" data-rel=\"iLightbox[gallery_image_1]\" class=\"fusion-lightbox\" target=\"_self\"><img decoding=\"async\" src=\"https:\/\/apartamentossabora.com\/wp-content\/uploads\/2018\/07\/puerta-almocabar-06-apartamentos-sabora-ronda.jpg\" width=\"750\" height=\"498\" alt=\"\" title=\"puerta-almocabar-06-apartamentos-sabora-ronda\" aria-label=\"puerta-almocabar-06-apartamentos-sabora-ronda\" class=\"img-responsive wp-image-2772\" srcset=\"https:\/\/apartamentossabora.com\/wp-content\/uploads\/2018\/07\/puerta-almocabar-06-apartamentos-sabora-ronda-200x133.jpg 200w, https:\/\/apartamentossabora.com\/wp-content\/uploads\/2018\/07\/puerta-almocabar-06-apartamentos-sabora-ronda-400x266.jpg 400w, https:\/\/apartamentossabora.com\/wp-content\/uploads\/2018\/07\/puerta-almocabar-06-apartamentos-sabora-ronda-600x398.jpg 600w, https:\/\/apartamentossabora.com\/wp-content\/uploads\/2018\/07\/puerta-almocabar-06-apartamentos-sabora-ronda.jpg 750w\" sizes=\"(min-width: 2200px) 100vw, (min-width: 1037px) 583px, (min-width: 945px) 1037px, \" \/><\/a><\/div><\/div><div class=\"clearfix\"><\/div><div style=\"padding:5px;\" class=\"fusion-grid-column fusion-gallery-column fusion-gallery-column-2 hover-type-none\"><div class=\"fusion-gallery-image\"><a href=\"https:\/\/apartamentossabora.com\/wp-content\/uploads\/2018\/07\/paisajes-ronda-04-apartamentos-sabora.jpg\" rel=\"noreferrer\" data-rel=\"iLightbox[gallery_image_1]\" class=\"fusion-lightbox\" target=\"_self\"><img decoding=\"async\" src=\"https:\/\/apartamentossabora.com\/wp-content\/uploads\/2018\/07\/paisajes-ronda-04-apartamentos-sabora.jpg\" width=\"750\" height=\"498\" alt=\"\" title=\"paisajes-ronda-04-apartamentos-sabora\" aria-label=\"paisajes-ronda-04-apartamentos-sabora\" class=\"img-responsive wp-image-2775\" srcset=\"https:\/\/apartamentossabora.com\/wp-content\/uploads\/2018\/07\/paisajes-ronda-04-apartamentos-sabora-200x133.jpg 200w, https:\/\/apartamentossabora.com\/wp-content\/uploads\/2018\/07\/paisajes-ronda-04-apartamentos-sabora-400x266.jpg 400w, https:\/\/apartamentossabora.com\/wp-content\/uploads\/2018\/07\/paisajes-ronda-04-apartamentos-sabora-600x398.jpg 600w, https:\/\/apartamentossabora.com\/wp-content\/uploads\/2018\/07\/paisajes-ronda-04-apartamentos-sabora.jpg 750w\" sizes=\"(min-width: 2200px) 100vw, (min-width: 1037px) 583px, (min-width: 945px) 1037px, \" \/><\/a><\/div><\/div><div style=\"padding:5px;\" class=\"fusion-grid-column fusion-gallery-column fusion-gallery-column-2 hover-type-none\"><div class=\"fusion-gallery-image\"><a href=\"https:\/\/apartamentossabora.com\/wp-content\/uploads\/2018\/07\/paisajes-ronda-05-apartamentos-sabora.jpg\" rel=\"noreferrer\" data-rel=\"iLightbox[gallery_image_1]\" class=\"fusion-lightbox\" target=\"_self\"><img decoding=\"async\" src=\"https:\/\/apartamentossabora.com\/wp-content\/uploads\/2018\/07\/paisajes-ronda-05-apartamentos-sabora.jpg\" width=\"750\" height=\"498\" alt=\"Ronda, M\u00e1laga\" title=\"paisajes-ronda-05-apartamentos-sabora\" aria-label=\"paisajes-ronda-05-apartamentos-sabora\" class=\"img-responsive wp-image-2781\" srcset=\"https:\/\/apartamentossabora.com\/wp-content\/uploads\/2018\/07\/paisajes-ronda-05-apartamentos-sabora-200x133.jpg 200w, https:\/\/apartamentossabora.com\/wp-content\/uploads\/2018\/07\/paisajes-ronda-05-apartamentos-sabora-400x266.jpg 400w, https:\/\/apartamentossabora.com\/wp-content\/uploads\/2018\/07\/paisajes-ronda-05-apartamentos-sabora-600x398.jpg 600w, https:\/\/apartamentossabora.com\/wp-content\/uploads\/2018\/07\/paisajes-ronda-05-apartamentos-sabora.jpg 750w\" sizes=\"(min-width: 2200px) 100vw, (min-width: 1037px) 583px, (min-width: 945px) 1037px, \" \/><\/a><\/div><\/div><div class=\"clearfix\"><\/div><div style=\"padding:5px;\" class=\"fusion-grid-column fusion-gallery-column fusion-gallery-column-2 hover-type-none\"><div class=\"fusion-gallery-image\"><a href=\"https:\/\/apartamentossabora.com\/wp-content\/uploads\/2018\/07\/el-balcon-del-tajo-09-apartamentos-sabora-ronda.jpg\" rel=\"noreferrer\" data-rel=\"iLightbox[gallery_image_1]\" class=\"fusion-lightbox\" target=\"_self\"><img decoding=\"async\" src=\"https:\/\/apartamentossabora.com\/wp-content\/uploads\/2018\/07\/el-balcon-del-tajo-09-apartamentos-sabora-ronda.jpg\" width=\"750\" height=\"498\" alt=\"\" title=\"el-balcon-del-tajo-09-apartamentos-sabora-ronda\" aria-label=\"el-balcon-del-tajo-09-apartamentos-sabora-ronda\" class=\"img-responsive wp-image-2778\" srcset=\"https:\/\/apartamentossabora.com\/wp-content\/uploads\/2018\/07\/el-balcon-del-tajo-09-apartamentos-sabora-ronda-200x133.jpg 200w, https:\/\/apartamentossabora.com\/wp-content\/uploads\/2018\/07\/el-balcon-del-tajo-09-apartamentos-sabora-ronda-400x266.jpg 400w, https:\/\/apartamentossabora.com\/wp-content\/uploads\/2018\/07\/el-balcon-del-tajo-09-apartamentos-sabora-ronda-600x398.jpg 600w, https:\/\/apartamentossabora.com\/wp-content\/uploads\/2018\/07\/el-balcon-del-tajo-09-apartamentos-sabora-ronda.jpg 750w\" sizes=\"(min-width: 2200px) 100vw, (min-width: 1037px) 583px, (min-width: 945px) 1037px, \" \/><\/a><\/div><\/div><div style=\"padding:5px;\" class=\"fusion-grid-column fusion-gallery-column fusion-gallery-column-2 hover-type-none\"><div class=\"fusion-gallery-image\"><a href=\"https:\/\/apartamentossabora.com\/wp-content\/uploads\/2018\/07\/paisajes-ronda-09-apartamentos-sabora.jpg\" rel=\"noreferrer\" data-rel=\"iLightbox[gallery_image_1]\" class=\"fusion-lightbox\" target=\"_self\"><img decoding=\"async\" src=\"https:\/\/apartamentossabora.com\/wp-content\/uploads\/2018\/07\/paisajes-ronda-09-apartamentos-sabora.jpg\" width=\"750\" height=\"498\" alt=\"\" title=\"paisajes-ronda-09-apartamentos-sabora\" aria-label=\"paisajes-ronda-09-apartamentos-sabora\" class=\"img-responsive wp-image-2787\" srcset=\"https:\/\/apartamentossabora.com\/wp-content\/uploads\/2018\/07\/paisajes-ronda-09-apartamentos-sabora-200x133.jpg 200w, https:\/\/apartamentossabora.com\/wp-content\/uploads\/2018\/07\/paisajes-ronda-09-apartamentos-sabora-400x266.jpg 400w, https:\/\/apartamentossabora.com\/wp-content\/uploads\/2018\/07\/paisajes-ronda-09-apartamentos-sabora-600x398.jpg 600w, https:\/\/apartamentossabora.com\/wp-content\/uploads\/2018\/07\/paisajes-ronda-09-apartamentos-sabora.jpg 750w\" sizes=\"(min-width: 2200px) 100vw, (min-width: 1037px) 583px, (min-width: 945px) 1037px, \" \/><\/a><\/div><\/div><div class=\"clearfix\"><\/div><\/div><\/div><div class=\"fusion-clearfix\"><\/div><\/div><\/div><\/div><\/div><\/p>\n","protected":false},"excerpt":{"rendered":"","protected":false},"author":1,"featured_media":0,"parent":0,"menu_order":0,"comment_status":"closed","ping_status":"closed","template":"","meta":{"footnotes":""},"class_list":["post-2811","page","type-page","status-publish","hentry"],"yoast_head":"<!-- This site is optimized with the Yoast SEO plugin v26.5 - https:\/\/yoast.com\/wordpress\/plugins\/seo\/ -->\n<title>Bilder aus Ronda, Malaga - Apartamentos S\u00e1bora, Ronda M\u00e1laga<\/title>\n<meta name=\"robots\" content=\"index, follow, max-snippet:-1, max-image-preview:large, max-video-preview:-1\" \/>\n<link rel=\"canonical\" href=\"https:\/\/apartamentossabora.com\/de\/bilder-ronda\/\" \/>\n<meta property=\"og:locale\" content=\"de_DE\" \/>\n<meta property=\"og:type\" content=\"article\" \/>\n<meta property=\"og:title\" content=\"Bilder aus Ronda, Malaga - Apartamentos S\u00e1bora, Ronda M\u00e1laga\" \/>\n<meta property=\"og:url\" content=\"https:\/\/apartamentossabora.com\/de\/bilder-ronda\/\" \/>\n<meta property=\"og:site_name\" content=\"Apartamentos S\u00e1bora, Ronda M\u00e1laga\" \/>\n<meta property=\"article:modified_time\" content=\"2018-07-28T06:09:21+00:00\" \/>\n<meta name=\"twitter:card\" content=\"summary_large_image\" \/>\n<meta name=\"twitter:label1\" content=\"Gesch\u00e4tzte Lesezeit\" \/>\n\t<meta name=\"twitter:data1\" content=\"2\u00a0Minuten\" \/>\n<script type=\"application\/ld+json\" class=\"yoast-schema-graph\">{\"@context\":\"https:\/\/schema.org\",\"@graph\":[{\"@type\":\"WebPage\",\"@id\":\"https:\/\/apartamentossabora.com\/de\/bilder-ronda\/\",\"url\":\"https:\/\/apartamentossabora.com\/de\/bilder-ronda\/\",\"name\":\"Bilder aus Ronda, Malaga - Apartamentos S\u00e1bora, Ronda M\u00e1laga\",\"isPartOf\":{\"@id\":\"https:\/\/apartamentossabora.com\/#website\"},\"datePublished\":\"2018-07-27T11:11:21+00:00\",\"dateModified\":\"2018-07-28T06:09:21+00:00\",\"breadcrumb\":{\"@id\":\"https:\/\/apartamentossabora.com\/de\/bilder-ronda\/#breadcrumb\"},\"inLanguage\":\"de\",\"potentialAction\":[{\"@type\":\"ReadAction\",\"target\":[\"https:\/\/apartamentossabora.com\/de\/bilder-ronda\/\"]}]},{\"@type\":\"BreadcrumbList\",\"@id\":\"https:\/\/apartamentossabora.com\/de\/bilder-ronda\/#breadcrumb\",\"itemListElement\":[{\"@type\":\"ListItem\",\"position\":1,\"name\":\"Portada\",\"item\":\"https:\/\/apartamentossabora.com\/de\/\"},{\"@type\":\"ListItem\",\"position\":2,\"name\":\"Bilder aus Ronda, Malaga\"}]},{\"@type\":\"WebSite\",\"@id\":\"https:\/\/apartamentossabora.com\/#website\",\"url\":\"https:\/\/apartamentossabora.com\/\",\"name\":\"Apartamentos S\u00e1bora, Ronda M\u00e1laga\",\"description\":\"Alquiler tur\u00edstico de apartamentos en Andaluc\u00eda, Espa\u00f1a\",\"potentialAction\":[{\"@type\":\"SearchAction\",\"target\":{\"@type\":\"EntryPoint\",\"urlTemplate\":\"https:\/\/apartamentossabora.com\/?s={search_term_string}\"},\"query-input\":{\"@type\":\"PropertyValueSpecification\",\"valueRequired\":true,\"valueName\":\"search_term_string\"}}],\"inLanguage\":\"de\"}]}<\/script>\n<!-- \/ Yoast SEO plugin. -->","yoast_head_json":{"title":"Bilder aus Ronda, Malaga - Apartamentos S\u00e1bora, Ronda M\u00e1laga","robots":{"index":"index","follow":"follow","max-snippet":"max-snippet:-1","max-image-preview":"max-image-preview:large","max-video-preview":"max-video-preview:-1"},"canonical":"https:\/\/apartamentossabora.com\/de\/bilder-ronda\/","og_locale":"de_DE","og_type":"article","og_title":"Bilder aus Ronda, Malaga - Apartamentos S\u00e1bora, Ronda M\u00e1laga","og_url":"https:\/\/apartamentossabora.com\/de\/bilder-ronda\/","og_site_name":"Apartamentos S\u00e1bora, Ronda M\u00e1laga","article_modified_time":"2018-07-28T06:09:21+00:00","twitter_card":"summary_large_image","twitter_misc":{"Gesch\u00e4tzte Lesezeit":"2\u00a0Minuten"},"schema":{"@context":"https:\/\/schema.org","@graph":[{"@type":"WebPage","@id":"https:\/\/apartamentossabora.com\/de\/bilder-ronda\/","url":"https:\/\/apartamentossabora.com\/de\/bilder-ronda\/","name":"Bilder aus Ronda, Malaga - Apartamentos S\u00e1bora, Ronda M\u00e1laga","isPartOf":{"@id":"https:\/\/apartamentossabora.com\/#website"},"datePublished":"2018-07-27T11:11:21+00:00","dateModified":"2018-07-28T06:09:21+00:00","breadcrumb":{"@id":"https:\/\/apartamentossabora.com\/de\/bilder-ronda\/#breadcrumb"},"inLanguage":"de","potentialAction":[{"@type":"ReadAction","target":["https:\/\/apartamentossabora.com\/de\/bilder-ronda\/"]}]},{"@type":"BreadcrumbList","@id":"https:\/\/apartamentossabora.com\/de\/bilder-ronda\/#breadcrumb","itemListElement":[{"@type":"ListItem","position":1,"name":"Portada","item":"https:\/\/apartamentossabora.com\/de\/"},{"@type":"ListItem","position":2,"name":"Bilder aus Ronda, Malaga"}]},{"@type":"WebSite","@id":"https:\/\/apartamentossabora.com\/#website","url":"https:\/\/apartamentossabora.com\/","name":"Apartamentos S\u00e1bora, Ronda M\u00e1laga","description":"Alquiler tur\u00edstico de apartamentos en Andaluc\u00eda, Espa\u00f1a","potentialAction":[{"@type":"SearchAction","target":{"@type":"EntryPoint","urlTemplate":"https:\/\/apartamentossabora.com\/?s={search_term_string}"},"query-input":{"@type":"PropertyValueSpecification","valueRequired":true,"valueName":"search_term_string"}}],"inLanguage":"de"}]}},"_links":{"self":[{"href":"https:\/\/apartamentossabora.com\/de\/wp-json\/wp\/v2\/pages\/2811","targetHints":{"allow":["GET"]}}],"collection":[{"href":"https:\/\/apartamentossabora.com\/de\/wp-json\/wp\/v2\/pages"}],"about":[{"href":"https:\/\/apartamentossabora.com\/de\/wp-json\/wp\/v2\/types\/page"}],"author":[{"embeddable":true,"href":"https:\/\/apartamentossabora.com\/de\/wp-json\/wp\/v2\/users\/1"}],"replies":[{"embeddable":true,"href":"https:\/\/apartamentossabora.com\/de\/wp-json\/wp\/v2\/comments?post=2811"}],"version-history":[{"count":5,"href":"https:\/\/apartamentossabora.com\/de\/wp-json\/wp\/v2\/pages\/2811\/revisions"}],"predecessor-version":[{"id":2822,"href":"https:\/\/apartamentossabora.com\/de\/wp-json\/wp\/v2\/pages\/2811\/revisions\/2822"}],"wp:attachment":[{"href":"https:\/\/apartamentossabora.com\/de\/wp-json\/wp\/v2\/media?parent=2811"}],"curies":[{"name":"wp","href":"https:\/\/api.w.org\/{rel}","templated":true}]}}