{"id":2835,"date":"2018-08-03T15:01:09","date_gmt":"2018-08-03T13:01:09","guid":{"rendered":"https:\/\/apartamentossabora.com\/?page_id=2835"},"modified":"2018-09-25T13:36:32","modified_gmt":"2018-09-25T11:36:32","slug":"privacy-policy","status":"publish","type":"page","link":"https:\/\/apartamentossabora.com\/en\/privacy-policy\/","title":{"rendered":"Privacy Policy"},"content":{"rendered":"<div class=\"fusion-fullwidth fullwidth-box fusion-builder-row-1 nonhundred-percent-fullwidth non-hundred-percent-height-scrolling\" style=\"--awb-border-radius-top-left:0px;--awb-border-radius-top-right:0px;--awb-border-radius-bottom-right:0px;--awb-border-radius-bottom-left:0px;--awb-flex-wrap:wrap;\" ><div class=\"fusion-builder-row fusion-row\"><div class=\"fusion-layout-column fusion_builder_column fusion-builder-column-0 fusion_builder_column_1_1 1_1 fusion-one-full fusion-column-first fusion-column-last\" style=\"--awb-bg-size:cover;\"><div class=\"fusion-column-wrapper fusion-flex-column-wrapper-legacy\"><div class=\"fusion-text fusion-text-1\"><p><strong>INTRODUCTION.<\/strong><\/p>\n<p>Seraf\u00edn Bocanegra Marcos, with NIF No. 43681932X, referred hereinafter as APARTAMENTOS S\u00c1BORA, collects, treats and stores personal information through the website of his property <a href=\"https:\/\/apartamentossabora.com\">https:\/\/apartamentossabora.com<\/a><\/p>\n<p>The information will be pertaining to the users of the website. Thus, the information will be collected, processed and stored in accordance with this Privacy Policy.<\/p>\n<p>This Privacy Policy was updated on August 01, 2018.<\/p>\n<p><strong>RESPONSIBLE FOR THE PROCESSING<\/strong><\/p>\n<p>Trade name: APARTAMENTOS S\u00c1BORA<\/p>\n<p>Fiscal name: Seraf\u00edn Bocanegra Marcos<br \/>\nTax ID: 43681932X<br \/>\nAddress: Carrera Espinel, 56, 3\u00ba. 29400 Ronda<br \/>\nContact e-mail: sebomar@gmail.com<\/p>\n<p><strong>APPLICABLE LAWS TO THIS WEBSITE<\/strong><\/p>\n<ul>\n<li>GDPR (Regulation (EU) 2016\/679 of the European Parliament and of the Council of April, 27, 2016 on the protection of natural persons regarding the processing of personal data and on the free circulation of data.<\/li>\n<li>LSSI (Law 34\/2002, of July 11, regarding Information Society Services and E-Commerce)<\/li>\n<\/ul>\n<p><strong>PURPOSE OF THE PROCESSING<\/strong><\/p>\n<p>Only the necessary data to carry out the activity of the offered service will be collected, which complies with the principle of data minimization (Art.5.b GDPR). The collected data will be from individuals over 16 years old (per Art. 8.1 GDPR). APARTAMENTOS S\u00c1BORA reserves the right to take the appropriate measures to verify the accuracy of one\u2019s age (Article 8.2 GDPR).<\/p>\n<p>In any case, the data will be of an identifying and non-sensitive personal nature, which may include:<\/p>\n<ul>\n<li>Email<\/li>\n<li>Phone<\/li>\n<li>Name and surname<\/li>\n<li>Tax identification number<\/li>\n<li>Address<\/li>\n<li>IBAN<\/li>\n<\/ul>\n<p><strong>COLLECTION METHODS.<\/strong><\/p>\n<p>Your personal data will be collected through APARTAMENTOS S\u00c1BORA\u00b4s website, <a href=\"https:\/\/www.apart.com\">https:\/\/apartamentossabora.com<\/a>, when entering information in any of the corresponding fields within the website.<br \/>\nThese fields are properly marked and will not collect any information until you have expressly accepted to do so in accordance with this privacy policy.<\/p>\n<p><strong>DATA USE AND COLLECTION PURPOSE<\/strong><\/p>\n<p>The collected data will be incorporated into a file owned by:<\/p>\n<ul>\n<li>APARTAMENTOS S\u00c1BORA<\/li>\n<\/ul>\n<p>This file will be managed by:<\/p>\n<ul>\n<li>Seraf\u00edn Bocanegra Marcos with NIF 43681932X<\/li>\n<\/ul>\n<p>APARTAMENTOS S\u00c1BORA undertakes not to use the collected data for any other purpose than the one described herein.<\/p>\n<p><strong>DATA RETENTION PERIOD.<\/strong><\/p>\n<p>The data will be kept until the collection purpose has been met (Art.5e. GDPR) or until the right to delete or modify them thereof has been exercised. As long as this does not conflict with the need for storing them due to legal or fiscal reasons.<\/p>\n<p><strong>HOW DO WE PROTECT YOUR DATA?<\/strong><\/p>\n<p>Your data is transferred and stored securely as we have the following in place:<\/p>\n<p>-Encryption with SSL protocol.<br \/>\n-Firewall Server.<br \/>\n-Security protocols to prevent unauthorized access.<br \/>\n-Access control.<br \/>\n-Encrypted storage.<\/p>\n<p>APARTAMENTOS S\u00c1BORA cannot guarantee complete security in internet communications, but we can guarantee to take the appropriate measures to protect your data.<\/p>\n<p>In addition, APARTAMENTOS S\u00c1BORA is committed to maintaining data confidentiality and will not communicate or allow access to unauthorized third parties.<\/p>\n<p><strong>YOUR RIGHTS REGARDING DATA PROTECTION<\/strong><\/p>\n<p>The legislation has granted you the following rights as the user:<\/p>\n<ul>\n<li>Access to personal data.<\/li>\n<li>Rectification or deletion.<\/li>\n<li>Decline the processing.<\/li>\n<li>Data portability.<\/li>\n<li>Processing limitation.<\/li>\n<\/ul>\n<p>Exercising these rights is personal. Therefore, you can exercise your rights only for the data which are under your ownership.<br \/>\nIf you want to exercise any of the aforementioned rights you can do so online by sending an email to <a href=\"mailto:sebomar@gmail.com\">sebomar@gmail.com<\/a> indicating the right(s) you want to exercise and proof of identity.<\/p>\n<p>We can commit to respond to your request within a maximum period of 10 business days.<\/p>\n<p><strong>LEGITIMIZATION FOR DATA PROCESSING<\/strong><\/p>\n<p>The legal basis for the processing of your personal data is the explicit acceptance of the treatment\/processing, management, and storage according to this privacy policy.<\/p>\n<p><strong>CONSEQUENCES OF NOT ACCEPTING THE PRIVACY POLICY<\/strong><\/p>\n<p>Shall you not accept the management of your data according to this privacy policy, we will not collect any information, which may mean that APARTAMENTOS S\u00c1BORA will be unable to render its service.<\/p>\n<p><strong>DATA PROTECTION AUTHORITY IN SPAIN<\/strong><\/p>\n<p>Shall you wish to exercise your data protection rights and believe that we are not respecting them accordingly, you can contact the corresponding Spanish authority.<\/p>\n<p>-The website of the data protection authority is the following:<br \/>\nhttps:\/\/www.agpd.es\/<\/p>\n<p>-The e-mail from the data protection authority is the following:<br \/>\ninternacional@agpd.es<\/p>\n<p>-The telephone number of the data protection authority is the following:<br \/>\n+34 91399 6200<\/p>\n<p><strong>CHANGES IN THE PRIVACY POLICY<\/strong><\/p>\n<p>APARTAMENTOS S\u00c1BORA reserves the right to modify this Privacy Policy, which shall be done in accordance with the corresponding legislation and jurisprudence and shall be reflected in this Privacy Policy.<\/p>\n<\/div><div class=\"fusion-clearfix\"><\/div><\/div><\/div><\/div><\/div>\n","protected":false},"excerpt":{"rendered":"","protected":false},"author":1,"featured_media":0,"parent":0,"menu_order":0,"comment_status":"closed","ping_status":"closed","template":"","meta":{"footnotes":""},"class_list":["post-2835","page","type-page","status-publish","hentry"],"yoast_head":"<!-- This site is optimized with the Yoast SEO plugin v26.5 - https:\/\/yoast.com\/wordpress\/plugins\/seo\/ -->\n<title>Privacy Policy - Apartamentos S\u00e1bora, Ronda M\u00e1laga<\/title>\n<meta name=\"robots\" content=\"noindex, follow\" \/>\n<meta property=\"og:locale\" content=\"en_US\" \/>\n<meta property=\"og:type\" content=\"article\" \/>\n<meta property=\"og:title\" content=\"Privacy Policy - Apartamentos S\u00e1bora, Ronda M\u00e1laga\" \/>\n<meta property=\"og:url\" content=\"https:\/\/apartamentossabora.com\/en\/privacy-policy\/\" \/>\n<meta property=\"og:site_name\" content=\"Apartamentos S\u00e1bora, Ronda M\u00e1laga\" \/>\n<meta property=\"article:modified_time\" content=\"2018-09-25T11:36:32+00:00\" \/>\n<meta name=\"twitter:card\" content=\"summary_large_image\" \/>\n<meta name=\"twitter:label1\" content=\"Est. reading time\" \/>\n\t<meta name=\"twitter:data1\" content=\"5 minutes\" \/>\n<script type=\"application\/ld+json\" class=\"yoast-schema-graph\">{\"@context\":\"https:\/\/schema.org\",\"@graph\":[{\"@type\":\"WebPage\",\"@id\":\"https:\/\/apartamentossabora.com\/en\/privacy-policy\/\",\"url\":\"https:\/\/apartamentossabora.com\/en\/privacy-policy\/\",\"name\":\"Privacy Policy - Apartamentos S\u00e1bora, Ronda M\u00e1laga\",\"isPartOf\":{\"@id\":\"https:\/\/apartamentossabora.com\/#website\"},\"datePublished\":\"2018-08-03T13:01:09+00:00\",\"dateModified\":\"2018-09-25T11:36:32+00:00\",\"breadcrumb\":{\"@id\":\"https:\/\/apartamentossabora.com\/en\/privacy-policy\/#breadcrumb\"},\"inLanguage\":\"en-US\",\"potentialAction\":[{\"@type\":\"ReadAction\",\"target\":[\"https:\/\/apartamentossabora.com\/en\/privacy-policy\/\"]}]},{\"@type\":\"BreadcrumbList\",\"@id\":\"https:\/\/apartamentossabora.com\/en\/privacy-policy\/#breadcrumb\",\"itemListElement\":[{\"@type\":\"ListItem\",\"position\":1,\"name\":\"Portada\",\"item\":\"https:\/\/apartamentossabora.com\/en\/\"},{\"@type\":\"ListItem\",\"position\":2,\"name\":\"Privacy Policy\"}]},{\"@type\":\"WebSite\",\"@id\":\"https:\/\/apartamentossabora.com\/#website\",\"url\":\"https:\/\/apartamentossabora.com\/\",\"name\":\"Apartamentos S\u00e1bora, Ronda M\u00e1laga\",\"description\":\"Alquiler tur\u00edstico de apartamentos en Andaluc\u00eda, Espa\u00f1a\",\"potentialAction\":[{\"@type\":\"SearchAction\",\"target\":{\"@type\":\"EntryPoint\",\"urlTemplate\":\"https:\/\/apartamentossabora.com\/?s={search_term_string}\"},\"query-input\":{\"@type\":\"PropertyValueSpecification\",\"valueRequired\":true,\"valueName\":\"search_term_string\"}}],\"inLanguage\":\"en-US\"}]}<\/script>\n<!-- \/ Yoast SEO plugin. -->","yoast_head_json":{"title":"Privacy Policy - Apartamentos S\u00e1bora, Ronda M\u00e1laga","robots":{"index":"noindex","follow":"follow"},"og_locale":"en_US","og_type":"article","og_title":"Privacy Policy - Apartamentos S\u00e1bora, Ronda M\u00e1laga","og_url":"https:\/\/apartamentossabora.com\/en\/privacy-policy\/","og_site_name":"Apartamentos S\u00e1bora, Ronda M\u00e1laga","article_modified_time":"2018-09-25T11:36:32+00:00","twitter_card":"summary_large_image","twitter_misc":{"Est. reading time":"5 minutes"},"schema":{"@context":"https:\/\/schema.org","@graph":[{"@type":"WebPage","@id":"https:\/\/apartamentossabora.com\/en\/privacy-policy\/","url":"https:\/\/apartamentossabora.com\/en\/privacy-policy\/","name":"Privacy Policy - Apartamentos S\u00e1bora, Ronda M\u00e1laga","isPartOf":{"@id":"https:\/\/apartamentossabora.com\/#website"},"datePublished":"2018-08-03T13:01:09+00:00","dateModified":"2018-09-25T11:36:32+00:00","breadcrumb":{"@id":"https:\/\/apartamentossabora.com\/en\/privacy-policy\/#breadcrumb"},"inLanguage":"en-US","potentialAction":[{"@type":"ReadAction","target":["https:\/\/apartamentossabora.com\/en\/privacy-policy\/"]}]},{"@type":"BreadcrumbList","@id":"https:\/\/apartamentossabora.com\/en\/privacy-policy\/#breadcrumb","itemListElement":[{"@type":"ListItem","position":1,"name":"Portada","item":"https:\/\/apartamentossabora.com\/en\/"},{"@type":"ListItem","position":2,"name":"Privacy Policy"}]},{"@type":"WebSite","@id":"https:\/\/apartamentossabora.com\/#website","url":"https:\/\/apartamentossabora.com\/","name":"Apartamentos S\u00e1bora, Ronda M\u00e1laga","description":"Alquiler tur\u00edstico de apartamentos en Andaluc\u00eda, Espa\u00f1a","potentialAction":[{"@type":"SearchAction","target":{"@type":"EntryPoint","urlTemplate":"https:\/\/apartamentossabora.com\/?s={search_term_string}"},"query-input":{"@type":"PropertyValueSpecification","valueRequired":true,"valueName":"search_term_string"}}],"inLanguage":"en-US"}]}},"_links":{"self":[{"href":"https:\/\/apartamentossabora.com\/en\/wp-json\/wp\/v2\/pages\/2835","targetHints":{"allow":["GET"]}}],"collection":[{"href":"https:\/\/apartamentossabora.com\/en\/wp-json\/wp\/v2\/pages"}],"about":[{"href":"https:\/\/apartamentossabora.com\/en\/wp-json\/wp\/v2\/types\/page"}],"author":[{"embeddable":true,"href":"https:\/\/apartamentossabora.com\/en\/wp-json\/wp\/v2\/users\/1"}],"replies":[{"embeddable":true,"href":"https:\/\/apartamentossabora.com\/en\/wp-json\/wp\/v2\/comments?post=2835"}],"version-history":[{"count":9,"href":"https:\/\/apartamentossabora.com\/en\/wp-json\/wp\/v2\/pages\/2835\/revisions"}],"predecessor-version":[{"id":2856,"href":"https:\/\/apartamentossabora.com\/en\/wp-json\/wp\/v2\/pages\/2835\/revisions\/2856"}],"wp:attachment":[{"href":"https:\/\/apartamentossabora.com\/en\/wp-json\/wp\/v2\/media?parent=2835"}],"curies":[{"name":"wp","href":"https:\/\/api.w.org\/{rel}","templated":true}]}}